{"id":10,"date":"2023-08-02T21:36:18","date_gmt":"2023-08-03T02:36:18","guid":{"rendered":"https:\/\/cieexitosdelsaber.com\/?page_id=10"},"modified":"2023-08-07T02:19:02","modified_gmt":"2023-08-07T07:19:02","slug":"sobrenosotros","status":"publish","type":"page","link":"https:\/\/cieexitosdelsaber.com\/index.php\/sobrenosotros\/","title":{"rendered":"SOBRE NOSOTROS"},"content":{"rendered":"<style>\/*! elementor - v3.15.0 - 02-08-2023 *\/\n.elementor-heading-title{padding:0;margin:0;line-height:1}.elementor-widget-heading .elementor-heading-title[class*=elementor-size-]>a{color:inherit;font-size:inherit;line-height:inherit}.elementor-widget-heading .elementor-heading-title.elementor-size-small{font-size:15px}.elementor-widget-heading .elementor-heading-title.elementor-size-medium{font-size:19px}.elementor-widget-heading .elementor-heading-title.elementor-size-large{font-size:29px}.elementor-widget-heading .elementor-heading-title.elementor-size-xl{font-size:39px}.elementor-widget-heading .elementor-heading-title.elementor-size-xxl{font-size:59px}<\/style>\n<h2>MISI\u00d3N<\/h2>\n<p><strong>Somos una Instituci\u00f3n Educativa privada de car\u00e1cter acad\u00e9mico para la formaci\u00f3n humana,<\/strong><br \/><strong>integral, incluyente y democr\u00e1tica donde se brinda educaci\u00f3n a ni\u00f1os, ni\u00f1as y j\u00f3venes en los<\/strong><br \/><strong>niveles de preescolar, b\u00e1sica (primaria- secundaria y media) desarrollando procesos socio<\/strong><br \/><strong>culturales de formaci\u00f3n, que conduzcan a la cualificaci\u00f3n del ciudadano, donde la ciencia, la<\/strong><br \/><strong>investigaci\u00f3n, la ecolog\u00eda, la t\u00e9cnica, la tecnolog\u00eda, el arte y la cultura, conlleven a la formaci\u00f3n<\/strong><br \/><strong>integral del ser humano\u201d.<\/strong><\/p>\n<style>\/*! elementor - v3.15.0 - 02-08-2023 *\/\n.elementor-widget-image{text-align:center}.elementor-widget-image a{display:inline-block}.elementor-widget-image a img[src$=\".svg\"]{width:48px}.elementor-widget-image img{vertical-align:middle;display:inline-block}<\/style>\n<p>\t\t\t\t\t\t\t\t\t\t\t\t<img decoding=\"async\" width=\"771\" height=\"514\" src=\"http:\/\/cieexitosdelsaber.com\/wp-content\/uploads\/2023\/08\/DSC_0217-1024x683.jpg\" alt=\"\" loading=\"lazy\" srcset=\"https:\/\/cieexitosdelsaber.com\/wp-content\/uploads\/2023\/08\/DSC_0217-1024x683.jpg 1024w, https:\/\/cieexitosdelsaber.com\/wp-content\/uploads\/2023\/08\/DSC_0217-300x200.jpg 300w, https:\/\/cieexitosdelsaber.com\/wp-content\/uploads\/2023\/08\/DSC_0217-768x512.jpg 768w, https:\/\/cieexitosdelsaber.com\/wp-content\/uploads\/2023\/08\/DSC_0217-1536x1024.jpg 1536w, https:\/\/cieexitosdelsaber.com\/wp-content\/uploads\/2023\/08\/DSC_0217-2048x1365.jpg 2048w, https:\/\/cieexitosdelsaber.com\/wp-content\/uploads\/2023\/08\/DSC_0217-400x267.jpg 400w\" sizes=\"(max-width: 771px) 100vw, 771px\" \/><br \/>\n\t\t\t\t\t\t\t\t\t\t\t\t\t\t\t<img decoding=\"async\" width=\"771\" height=\"514\" src=\"http:\/\/cieexitosdelsaber.com\/wp-content\/uploads\/2023\/08\/DSC_0227-1024x683.jpg\" alt=\"\" loading=\"lazy\" srcset=\"https:\/\/cieexitosdelsaber.com\/wp-content\/uploads\/2023\/08\/DSC_0227-1024x683.jpg 1024w, https:\/\/cieexitosdelsaber.com\/wp-content\/uploads\/2023\/08\/DSC_0227-300x200.jpg 300w, https:\/\/cieexitosdelsaber.com\/wp-content\/uploads\/2023\/08\/DSC_0227-768x512.jpg 768w, https:\/\/cieexitosdelsaber.com\/wp-content\/uploads\/2023\/08\/DSC_0227-1536x1024.jpg 1536w, https:\/\/cieexitosdelsaber.com\/wp-content\/uploads\/2023\/08\/DSC_0227-2048x1365.jpg 2048w, https:\/\/cieexitosdelsaber.com\/wp-content\/uploads\/2023\/08\/DSC_0227-400x267.jpg 400w\" sizes=\"(max-width: 771px) 100vw, 771px\" \/>\t\t\t\t\t\t\t\t\t\t\t\t\t\t\t<\/p>\n<h2>VISI\u00d3N<\/h2>\n<p><strong>En el a\u00f1o 2025 seremos una instituci\u00f3n reconocida a nivel municipal y departamental por la<\/strong><br \/><strong>calidad de su servicio educativo con su modelo constructivista social, formando ni\u00f1os, ni\u00f1as y<\/strong><br \/><strong>j\u00f3venes en valores que los hagan participes en la construcci\u00f3n de la paz, capaces de aceptar<\/strong><br \/><strong>retos laborales y siendo \u00fatiles a una sociedad competitiva.<\/strong><\/p>\n<h2>FILOSOFIA<\/h2>\n<p><strong>La filosof\u00eda de nuestra instituci\u00f3n se fundamenta en la formaci\u00f3n integral del ser humano en<\/strong><br \/><strong>la construcci\u00f3n de su propio conocimiento partiendo del entorno del estudiante, desde el<\/strong><br \/><strong>quehacer educativo busca promover y vivenciar principios \u00e9ticos, valores de vida y dignidad<\/strong><br \/><strong>humana, esp\u00edritu investigativo, cient\u00edfico, auto superaci\u00f3n, creatividad, autodisciplina, que le<\/strong><br \/><strong>permita continuar aut\u00f3nomamente su desarrollo personal.<\/strong><\/p>\n<p>\t\t\t\t\t\t\t\t\t\t\t\t\t\t\t<img decoding=\"async\" width=\"771\" height=\"514\" src=\"http:\/\/cieexitosdelsaber.com\/wp-content\/uploads\/2023\/08\/DSC01523-1024x683.jpg\" alt=\"\" loading=\"lazy\" srcset=\"https:\/\/cieexitosdelsaber.com\/wp-content\/uploads\/2023\/08\/DSC01523-1024x683.jpg 1024w, https:\/\/cieexitosdelsaber.com\/wp-content\/uploads\/2023\/08\/DSC01523-300x200.jpg 300w, https:\/\/cieexitosdelsaber.com\/wp-content\/uploads\/2023\/08\/DSC01523-768x512.jpg 768w, https:\/\/cieexitosdelsaber.com\/wp-content\/uploads\/2023\/08\/DSC01523-1536x1024.jpg 1536w, https:\/\/cieexitosdelsaber.com\/wp-content\/uploads\/2023\/08\/DSC01523-2048x1365.jpg 2048w, https:\/\/cieexitosdelsaber.com\/wp-content\/uploads\/2023\/08\/DSC01523-400x267.jpg 400w\" sizes=\"(max-width: 771px) 100vw, 771px\" \/><br \/>\n\t\t\t\t\t\t\t\t\t\t\t\t\t\t\t<img decoding=\"async\" width=\"771\" height=\"514\" src=\"http:\/\/cieexitosdelsaber.com\/wp-content\/uploads\/2023\/08\/DSC_1593-1024x683.jpg\" alt=\"\" loading=\"lazy\" srcset=\"https:\/\/cieexitosdelsaber.com\/wp-content\/uploads\/2023\/08\/DSC_1593-1024x683.jpg 1024w, https:\/\/cieexitosdelsaber.com\/wp-content\/uploads\/2023\/08\/DSC_1593-300x200.jpg 300w, https:\/\/cieexitosdelsaber.com\/wp-content\/uploads\/2023\/08\/DSC_1593-768x512.jpg 768w, https:\/\/cieexitosdelsaber.com\/wp-content\/uploads\/2023\/08\/DSC_1593-1536x1025.jpg 1536w, https:\/\/cieexitosdelsaber.com\/wp-content\/uploads\/2023\/08\/DSC_1593-2048x1366.jpg 2048w, https:\/\/cieexitosdelsaber.com\/wp-content\/uploads\/2023\/08\/DSC_1593-400x267.jpg 400w\" sizes=\"(max-width: 771px) 100vw, 771px\" \/>\t\t\t\t\t\t\t\t\t\t\t\t\t\t\t<\/p>\n<h2>OBJETIVOS ESTRAT\u00c9GICOS<\/h2>\n<p><strong>En el a\u00f1o 2025 seremos una instituci\u00f3n reconocida a nivel municipal y departamental por la<\/strong><br \/><strong>calidad de su servicio educativo con su modelo constructivista social, formando ni\u00f1os, ni\u00f1as y<\/strong><br \/><strong>j\u00f3venes en valores que los hagan participes en la construcci\u00f3n de la paz, capaces de aceptar<\/strong><br \/><strong>retos laborales y siendo \u00fatiles a una sociedad competitiva.<\/strong><\/p>\n<h2>VALORES<\/h2>\n<p><strong>La filosof\u00eda de nuestra instituci\u00f3n se fundamenta en la formaci\u00f3n integral del ser humano en<\/strong><br \/><strong>la construcci\u00f3n de su propio conocimiento partiendo del entorno del estudiante, desde el<\/strong><br \/><strong>quehacer educativo busca promover y vivenciar principios \u00e9ticos, valores de vida y dignidad<\/strong><br \/><strong>humana, esp\u00edritu investigativo, cient\u00edfico, auto superaci\u00f3n, creatividad, autodisciplina, que le<\/strong><br \/><strong>permita continuar aut\u00f3nomamente su desarrollo personal.<\/strong><\/p>\n<p>\t\t\t\t\t\t\t\t\t\t\t\t\t\t\t<img decoding=\"async\" width=\"771\" height=\"514\" src=\"http:\/\/cieexitosdelsaber.com\/wp-content\/uploads\/2023\/08\/DSC_0761-1024x683.jpg\" alt=\"\" loading=\"lazy\" srcset=\"https:\/\/cieexitosdelsaber.com\/wp-content\/uploads\/2023\/08\/DSC_0761-1024x683.jpg 1024w, https:\/\/cieexitosdelsaber.com\/wp-content\/uploads\/2023\/08\/DSC_0761-300x200.jpg 300w, https:\/\/cieexitosdelsaber.com\/wp-content\/uploads\/2023\/08\/DSC_0761-768x512.jpg 768w, https:\/\/cieexitosdelsaber.com\/wp-content\/uploads\/2023\/08\/DSC_0761-1536x1024.jpg 1536w, https:\/\/cieexitosdelsaber.com\/wp-content\/uploads\/2023\/08\/DSC_0761-2048x1365.jpg 2048w, https:\/\/cieexitosdelsaber.com\/wp-content\/uploads\/2023\/08\/DSC_0761-400x267.jpg 400w\" sizes=\"(max-width: 771px) 100vw, 771px\" \/><br \/>\n\t\t\t\t\t\t\t\t\t\t\t\t\t\t\t<img decoding=\"async\" width=\"562\" height=\"424\" src=\"http:\/\/cieexitosdelsaber.com\/wp-content\/uploads\/2023\/08\/bandera-exitos-2-2.png\" alt=\"\" loading=\"lazy\" srcset=\"https:\/\/cieexitosdelsaber.com\/wp-content\/uploads\/2023\/08\/bandera-exitos-2-2.png 562w, https:\/\/cieexitosdelsaber.com\/wp-content\/uploads\/2023\/08\/bandera-exitos-2-2-300x226.png 300w, https:\/\/cieexitosdelsaber.com\/wp-content\/uploads\/2023\/08\/bandera-exitos-2-2-398x300.png 398w\" sizes=\"(max-width: 562px) 100vw, 562px\" \/>\t\t\t\t\t\t\t\t\t\t\t\t\t\t\t<\/p>\n<h2>SIMBOLOS<\/h2>\n<p><strong>En el a\u00f1o 2025 seremos una instituci\u00f3n reconocida a nivel municipal y departamental por la<\/strong><br \/><strong>calidad de su servicio educativo con su modelo constructivista social, formando ni\u00f1os, ni\u00f1as y<\/strong><br \/><strong>j\u00f3venes en valores que los hagan participes en la construcci\u00f3n de la paz, capaces de aceptar<\/strong><br \/><strong>retos laborales y siendo \u00fatiles a una sociedad competitiva.<\/strong><\/p>\n<h2>\n<p>LEMA<\/h2>\n<p><strong>\u00a0<\/strong><strong style=\"font-family: var( --e-global-typography-text-font-family ), Sans-serif; color: #ffffff;\">La filosof\u00eda de nuestra instituci\u00f3n se fundamenta en la formaci\u00f3n integral del ser humano en<\/strong><\/p>\n<p><strong>la construcci\u00f3n de su propio conocimiento partiendo del entorno del estudiante, desde el<\/strong><br \/><strong>quehacer educativo busca promover y vivenciar principios \u00e9ticos, valores de vida y dignidad<\/strong><br \/><strong>humana, esp\u00edritu investigativo, cient\u00edfico, auto superaci\u00f3n, creatividad, autodisciplina, que le<\/strong><br \/><strong>permita continuar aut\u00f3nomamente su desarrollo personal.<\/strong><\/p>\n<p>\t\t\t\t\t\t\t\t\t\t\t\t\t\t\t<img decoding=\"async\" width=\"512\" height=\"512\" src=\"http:\/\/cieexitosdelsaber.com\/wp-content\/uploads\/2023\/08\/cropped-exitos-e1691106724320.png\" alt=\"\" loading=\"lazy\" srcset=\"https:\/\/cieexitosdelsaber.com\/wp-content\/uploads\/2023\/08\/cropped-exitos-e1691106724320.png 512w, https:\/\/cieexitosdelsaber.com\/wp-content\/uploads\/2023\/08\/cropped-exitos-e1691106724320-300x300.png 300w, https:\/\/cieexitosdelsaber.com\/wp-content\/uploads\/2023\/08\/cropped-exitos-e1691106724320-150x150.png 150w, https:\/\/cieexitosdelsaber.com\/wp-content\/uploads\/2023\/08\/cropped-exitos-e1691106724320-270x270.png 270w, https:\/\/cieexitosdelsaber.com\/wp-content\/uploads\/2023\/08\/cropped-exitos-e1691106724320-192x192.png 192w, https:\/\/cieexitosdelsaber.com\/wp-content\/uploads\/2023\/08\/cropped-exitos-e1691106724320-180x180.png 180w, https:\/\/cieexitosdelsaber.com\/wp-content\/uploads\/2023\/08\/cropped-exitos-e1691106724320-32x32.png 32w\" sizes=\"(max-width: 512px) 100vw, 512px\" \/>\t\t\t\t\t\t\t\t\t\t\t\t\t\t\t<\/p>\n<h2>RESE\u00d1A HISTORICA<\/h2>\n<p style=\"text-align: center;\"><strong>A petici\u00f3n de los vecinos del Barrio Pachelly y de las directivas de la Acci\u00f3n Comunal se inicia<\/strong><br \/><strong>nuevamente en febrero del 2000 el Preescolar MARIPOSITAS ALEGRES con 40 ni\u00f1os y ni\u00f1as y<\/strong><br \/><strong>dos educadores, a cargo de los Docente MOISES ZAPATA ARDILA en la Direcci\u00f3n y la Docente<\/strong><br \/><strong>SANDRA ELISA TAMAYO ZAPATA como coordinadora.<\/strong><\/p>\n<p style=\"text-align: center;\"><strong>A partir del a\u00f1o 2001, fue cambiado su nombre y registrado ante C\u00e1mara de Comercio,<\/strong><br \/><strong>convirti\u00e9ndose en el CENTRO EDUCATIVO \u00c9XITOS DEL SABER conocimiento y el saber,<\/strong><br \/><strong>con miras al trabajo con ni\u00f1os en la B\u00e1sica Primaria y B\u00e1sica Secundaria.<\/strong><\/p>\n<p style=\"text-align: center;\"><strong>Conformado desde el grado jard\u00edn, hasta el grado 5\u00ba y secundario desde el grado 6\u00ba hasta el grado<\/strong><br \/><strong>10\u00ba, los cuales ir\u00e1n aumentando un grado paulatinamente cada a\u00f1o.<\/strong><\/p>\n<p style=\"text-align: center;\"><strong>Actualmente, es la Instituci\u00f3n Educativa \u00c9xitos del Saber, y cuenta con 680 estudiantes, en<\/strong><br \/><strong>20 grupos conformados de la siguiente forma: 2 preescolares, en la primaria 2 primeros, 2<\/strong><br \/><strong>segundos, 1 tercero, 2 cuartos, 2 quinto; en la secundaria 2 sextos, 2<\/strong><br \/><strong>s\u00e9ptimos, 2 octavo, 1 noveno, 1 d\u00e9cimo y 1 und\u00e9cimo de la media. A cargo de 1 rectora, 1<\/strong><br \/><strong>coordinadora, 14 educadores, 1 secretaria, 1 manipuladora de alimentos y 1 empleado en oficios<\/strong><br \/><strong>varios. Se presta servicio en las dos jornadas ma\u00f1ana y tarde.<\/strong><\/p>\n","protected":false},"excerpt":{"rendered":"<p>MISI\u00d3N Somos una Instituci\u00f3n Educativa privada de car\u00e1cter acad\u00e9mico para la formaci\u00f3n humana,integral, incluyente y democr\u00e1tica donde se brinda educaci\u00f3n a ni\u00f1os, ni\u00f1as y j\u00f3venes en losniveles de preescolar, b\u00e1sica (primaria- secundaria y media) desarrollando procesos socioculturales de formaci\u00f3n, que conduzcan a la cualificaci\u00f3n del ciudadano, donde la ciencia, lainvestigaci\u00f3n, la ecolog\u00eda, la t\u00e9cnica, la [&hellip;]<\/p>\n","protected":false},"author":1,"featured_media":183,"parent":0,"menu_order":0,"comment_status":"closed","ping_status":"closed","template":"","meta":[],"_links":{"self":[{"href":"https:\/\/cieexitosdelsaber.com\/index.php\/wp-json\/wp\/v2\/pages\/10"}],"collection":[{"href":"https:\/\/cieexitosdelsaber.com\/index.php\/wp-json\/wp\/v2\/pages"}],"about":[{"href":"https:\/\/cieexitosdelsaber.com\/index.php\/wp-json\/wp\/v2\/types\/page"}],"author":[{"embeddable":true,"href":"https:\/\/cieexitosdelsaber.com\/index.php\/wp-json\/wp\/v2\/users\/1"}],"replies":[{"embeddable":true,"href":"https:\/\/cieexitosdelsaber.com\/index.php\/wp-json\/wp\/v2\/comments?post=10"}],"version-history":[{"count":70,"href":"https:\/\/cieexitosdelsaber.com\/index.php\/wp-json\/wp\/v2\/pages\/10\/revisions"}],"predecessor-version":[{"id":211,"href":"https:\/\/cieexitosdelsaber.com\/index.php\/wp-json\/wp\/v2\/pages\/10\/revisions\/211"}],"wp:featuredmedia":[{"embeddable":true,"href":"https:\/\/cieexitosdelsaber.com\/index.php\/wp-json\/wp\/v2\/media\/183"}],"wp:attachment":[{"href":"https:\/\/cieexitosdelsaber.com\/index.php\/wp-json\/wp\/v2\/media?parent=10"}],"curies":[{"name":"wp","href":"https:\/\/api.w.org\/{rel}","templated":true}]}}