{"id":247,"date":"2025-09-03T22:02:17","date_gmt":"2025-09-04T03:02:17","guid":{"rendered":"https:\/\/cieexitosdelsaber.com\/?page_id=247"},"modified":"2025-09-03T22:16:22","modified_gmt":"2025-09-04T03:16:22","slug":"regimen-tributario-especial","status":"publish","type":"page","link":"https:\/\/cieexitosdelsaber.com\/index.php\/regimen-tributario-especial\/","title":{"rendered":"REGIMEN TRIBUTARIO ESPECIAL"},"content":{"rendered":"<style>\/*! elementor - v3.15.0 - 20-08-2023 *\/\n.elementor-widget-image{text-align:center}.elementor-widget-image a{display:inline-block}.elementor-widget-image a img[src$=\".svg\"]{width:48px}.elementor-widget-image img{vertical-align:middle;display:inline-block}<\/style>\n<p>\t\t\t\t\t\t\t\t\t\t\t\t<img decoding=\"async\" width=\"771\" height=\"578\" src=\"http:\/\/cieexitosdelsaber.com\/wp-content\/uploads\/2025\/09\/cedalc_blog05.png\" alt=\"\" loading=\"lazy\" srcset=\"https:\/\/cieexitosdelsaber.com\/wp-content\/uploads\/2025\/09\/cedalc_blog05.png 800w, https:\/\/cieexitosdelsaber.com\/wp-content\/uploads\/2025\/09\/cedalc_blog05-300x225.png 300w, https:\/\/cieexitosdelsaber.com\/wp-content\/uploads\/2025\/09\/cedalc_blog05-768x576.png 768w, https:\/\/cieexitosdelsaber.com\/wp-content\/uploads\/2025\/09\/cedalc_blog05-400x300.png 400w\" sizes=\"(max-width: 771px) 100vw, 771px\" \/><br \/>\n\t\t\t<a href=\"http:\/\/cieexitosdelsaber.com\/wp-content\/uploads\/2025\/09\/1.-INFORME-DE-GESTION-ANO-2024-EXITOS.pdf\" target=\"_blank\" rel=\"noopener\"><br \/>\n\t\t\t\t\t\t INFORME DE GESTIO\u0301N AN\u0303O 2024<br \/>\n\t\t\t\t\t<\/a><br \/>\n\t\t\t<a href=\"http:\/\/cieexitosdelsaber.com\/wp-content\/uploads\/2025\/09\/2.-CERTIFICACION-364-5.pdf\" target=\"_blank\" rel=\"noopener\"><br \/>\n\t\t\t\t\t\tCERTIFICACI\u00d3N<br \/>\n\t\t\t\t\t<\/a><br \/>\n\t\t\t<a href=\"http:\/\/cieexitosdelsaber.com\/wp-content\/uploads\/2025\/09\/6.-2024-1117620592781.pdf\" target=\"_blank\" rel=\"noopener\"><br \/>\n\t\t\t\t\t\tRUT<br \/>\n\t\t\t\t\t<\/a><br \/>\n\t\t\t<a href=\"http:\/\/cieexitosdelsaber.com\/wp-content\/uploads\/2025\/09\/7.-Estados-Financieros-2024.pdf\" target=\"_blank\" rel=\"noopener\"><br \/>\n\t\t\t\t\t\tESTADOS FINANCIEROS<br \/>\n\t\t\t\t\t<\/a><br \/>\n\t\t\t<a href=\"http:\/\/cieexitosdelsaber.com\/wp-content\/uploads\/2025\/09\/8.-CERTIFICADO-DE-EXISTENCIA-Y-REPRESENTACION-LEGAL-DE-LAS-ENTIDADES-SIN-ANIMO-DE-LUCRO.pdf\" target=\"_blank\" rel=\"noopener\"><br \/>\n\t\t\t\t\t\tCERTIFICADO DE EXISTENCIA Y REPRESENTACI\u00d3N LEGAL<br \/>\n\t\t\t\t\t<\/a><br \/>\n\t\t\t<a href=\"http:\/\/cieexitosdelsaber.com\/wp-content\/uploads\/2025\/09\/9.-Acta-10-aprobacion-para-calificar-al-re.pdf\" target=\"_blank\" rel=\"noopener\"><br \/>\n\t\t\t\t\t\tACTA ASAMBLEA<br \/>\n\t\t\t\t\t<\/a><br \/>\n\t\t\t<a href=\"http:\/\/cieexitosdelsaber.com\/wp-content\/uploads\/2025\/09\/11.-CERTIFICACION-364-3-ANTECEDENTES-JUDICIALES.pdf\" target=\"_blank\" rel=\"noopener\"><br \/>\n\t\t\t\t\t\tCERTIFICACI\u00d3N ANTECEDENTES JUDICIALES<br \/>\n\t\t\t\t\t<\/a><\/p>\n","protected":false},"excerpt":{"rendered":"<p>INFORME DE GESTIO\u0301N AN\u0303O 2024 CERTIFICACI\u00d3N RUT ESTADOS FINANCIEROS CERTIFICADO DE EXISTENCIA Y REPRESENTACI\u00d3N LEGAL ACTA ASAMBLEA CERTIFICACI\u00d3N ANTECEDENTES JUDICIALES<\/p>\n","protected":false},"author":1,"featured_media":202,"parent":0,"menu_order":0,"comment_status":"closed","ping_status":"closed","template":"","meta":[],"_links":{"self":[{"href":"https:\/\/cieexitosdelsaber.com\/index.php\/wp-json\/wp\/v2\/pages\/247"}],"collection":[{"href":"https:\/\/cieexitosdelsaber.com\/index.php\/wp-json\/wp\/v2\/pages"}],"about":[{"href":"https:\/\/cieexitosdelsaber.com\/index.php\/wp-json\/wp\/v2\/types\/page"}],"author":[{"embeddable":true,"href":"https:\/\/cieexitosdelsaber.com\/index.php\/wp-json\/wp\/v2\/users\/1"}],"replies":[{"embeddable":true,"href":"https:\/\/cieexitosdelsaber.com\/index.php\/wp-json\/wp\/v2\/comments?post=247"}],"version-history":[{"count":6,"href":"https:\/\/cieexitosdelsaber.com\/index.php\/wp-json\/wp\/v2\/pages\/247\/revisions"}],"predecessor-version":[{"id":262,"href":"https:\/\/cieexitosdelsaber.com\/index.php\/wp-json\/wp\/v2\/pages\/247\/revisions\/262"}],"wp:featuredmedia":[{"embeddable":true,"href":"https:\/\/cieexitosdelsaber.com\/index.php\/wp-json\/wp\/v2\/media\/202"}],"wp:attachment":[{"href":"https:\/\/cieexitosdelsaber.com\/index.php\/wp-json\/wp\/v2\/media?parent=247"}],"curies":[{"name":"wp","href":"https:\/\/api.w.org\/{rel}","templated":true}]}}